{"id":4844,"date":"2024-08-30T08:39:27","date_gmt":"2024-08-30T08:39:27","guid":{"rendered":"https:\/\/insiders-marketplace.com\/?post_type=product&#038;p=4844"},"modified":"2025-09-23T11:30:13","modified_gmt":"2025-09-23T11:30:13","slug":"hotelrechnung","status":"publish","type":"product","link":"https:\/\/insiders-marketplace.com\/de\/services\/dokumentart\/rechnung\/hotelrechnung\/","title":{"rendered":".HOTELRECHNUNG"},"content":{"rendered":"\n<div class=\"wp-block-group extracted_fields_list table_wide_custom insiders-product-page has-white-background-color has-background is-content-justification-center is-nowrap is-layout-flex wp-container-core-group-is-layout-ffda5f2b wp-block-group-is-layout-flex\" style=\"border-style:none;border-width:0px;padding-top:0;padding-right:0;padding-bottom:0;padding-left:0\">\n<div class=\"wp-block-uagb-container uagb-block-c0b1549b default uagb-is-root-container\">\n<div class=\"wp-block-uagb-container uagb-block-80ac1f10\">\n<figure data-wp-context=\"{&quot;imageId&quot;:&quot;69e316842c12a&quot;}\" data-wp-interactive=\"core\/image\" data-wp-key=\"69e316842c12a\" class=\"wp-block-image size-full is-resized wp-lightbox-container\"><img loading=\"lazy\" decoding=\"async\" width=\"2641\" height=\"3521\" data-wp-class--hide=\"state.isContentHidden\" data-wp-class--show=\"state.isContentVisible\" data-wp-init=\"callbacks.setButtonStyles\" data-wp-on--click=\"actions.showLightbox\" data-wp-on--load=\"callbacks.setButtonStyles\" data-wp-on-window--resize=\"callbacks.setButtonStyles\" src=\"https:\/\/insiders-marketplace.com\/wp-content\/uploads\/2024\/10\/hotelrechnung-edited.png\" alt=\"hotelrechnung\" class=\"wp-image-5007\" style=\"width:333px;height:auto\" srcset=\"https:\/\/insiders-marketplace.com\/wp-content\/uploads\/2024\/10\/hotelrechnung-edited.png 2641w, https:\/\/insiders-marketplace.com\/wp-content\/uploads\/2024\/10\/hotelrechnung-edited-225x300.png 225w, https:\/\/insiders-marketplace.com\/wp-content\/uploads\/2024\/10\/hotelrechnung-edited-768x1024.png 768w, https:\/\/insiders-marketplace.com\/wp-content\/uploads\/2024\/10\/hotelrechnung-edited-1152x1536.png 1152w, https:\/\/insiders-marketplace.com\/wp-content\/uploads\/2024\/10\/hotelrechnung-edited-1536x2048.png 1536w, https:\/\/insiders-marketplace.com\/wp-content\/uploads\/2024\/10\/hotelrechnung-edited-600x800.png 600w\" sizes=\"auto, (max-width: 2641px) 100vw, 2641px\"><button class=\"lightbox-trigger\" type=\"button\" aria-haspopup=\"dialog\" aria-label=\"Vergr\u00f6\u00dfern\" data-wp-init=\"callbacks.initTriggerButton\" data-wp-on--click=\"actions.showLightbox\" data-wp-style--right=\"state.imageButtonRight\" data-wp-style--top=\"state.imageButtonTop\">\n\t\t\t<svg width=\"12\" height=\"12\" fill=\"none\" viewBox=\"0 0 12 12\">\n\t\t\t\t<path fill=\"#fff\" d=\"M2 0a2 2 0 0 0-2 2v2h1.5V2a.5.5 0 0 1 .5-.5h2V0H2Zm2 10.5H2a.5.5 0 0 1-.5-.5V8H0v2a2 2 0 0 0 2 2h2v-1.5ZM8 12v-1.5h2a.5.5 0 0 0 .5-.5V8H12v2a2 2 0 0 1-2 2H8Zm2-12a2 2 0 0 1 2 2v2h-1.5V2a.5.5 0 0 0-.5-.5H8V0h2Z\" \/>\n\t\t\t<\/svg>\n\t\t<\/button><\/figure>\n<\/div>\n\n\n\n<div class=\"wp-block-uagb-container uagb-block-5a03b2d3\">\n<h5 class=\"wp-block-heading\" style=\"margin-top:0;margin-bottom:0;padding-top:0;padding-bottom:0\">Ausgelesene Felder<\/h5>\n\n\n\n<div class=\"wp-block-uagb-separator uagb-block-44ba2f35\"><div class=\"wp-block-uagb-separator__inner\" style=\"--my-background-image:\"><\/div><\/div>\n\n\n\n<figure class=\"wp-block-table table1\"><table><tbody><tr><td><strong>Feld\u00adname<\/strong> <\/td><td class=\"has-text-align-center\" data-align=\"center\">  basis <mark style=\"background-color:rgba(0, 0, 0, 0)\" class=\"has-inline-color has-ast-global-color-0-color\"><strong>\u2713<\/strong><\/mark> | add on <mark style=\"background-color:rgba(0, 0, 0, 0)\" class=\"has-inline-color has-ast-global-color-3-color\"><strong>\u2713<\/strong><\/mark><\/td><\/tr><tr><td>Rech\u00adnungsadres\u00adsant<\/td><td class=\"has-text-align-center\" data-align=\"center\"><mark style=\"background-color:rgba(0, 0, 0, 0)\" class=\"has-inline-color has-ast-global-color-0-color\"><strong>\u2713<\/strong><\/mark><\/td><\/tr><tr><td>Stra\u00dfe der Rech\u00adnungsadresse<\/td><td class=\"has-text-align-center\" data-align=\"center\"><mark style=\"background-color:rgba(0, 0, 0, 0)\" class=\"has-inline-color has-ast-global-color-0-color\"><strong>\u2713<\/strong><\/mark><\/td><\/tr><tr><td>Haus\u00adnum\u00admer der Rech\u00adnungsadresse<\/td><td class=\"has-text-align-center\" data-align=\"center\"><mark style=\"background-color:rgba(0, 0, 0, 0)\" class=\"has-inline-color has-ast-global-color-0-color\"><strong>\u2713<\/strong><\/mark><\/td><\/tr><tr><td>Postleitzahl Rech\u00adnungsadresse<\/td><td class=\"has-text-align-center\" data-align=\"center\"><mark style=\"background-color:rgba(0, 0, 0, 0)\" class=\"has-inline-color has-ast-global-color-0-color\"><strong>\u2713<\/strong><\/mark><\/td><\/tr><tr><td>Ort der Rech\u00adnungsadresse<\/td><td class=\"has-text-align-center\" data-align=\"center\"><mark style=\"background-color:rgba(0, 0, 0, 0)\" class=\"has-inline-color has-ast-global-color-0-color\"><strong>\u2713<\/strong><\/mark><\/td><\/tr><tr><td>Vor\u00adname des Gasts<\/td><td class=\"has-text-align-center\" data-align=\"center\"><mark style=\"background-color:rgba(0, 0, 0, 0)\" class=\"has-inline-color has-ast-global-color-0-color\"><strong>\u2713<\/strong><\/mark><\/td><\/tr><tr><td>Nach\u00adname des Gasts<\/td><td class=\"has-text-align-center\" data-align=\"center\"><mark style=\"background-color:rgba(0, 0, 0, 0)\" class=\"has-inline-color has-ast-global-color-0-color\"><strong>\u2713<\/strong><\/mark><\/td><\/tr><tr><td>Datum der Anreise<\/td><td class=\"has-text-align-center\" data-align=\"center\"><mark style=\"background-color:rgba(0, 0, 0, 0)\" class=\"has-inline-color has-ast-global-color-0-color\"><strong>\u2713<\/strong><\/mark><\/td><\/tr><tr><td>Datum der Abreise<\/td><td class=\"has-text-align-center\" data-align=\"center\"><mark style=\"background-color:rgba(0, 0, 0, 0)\" class=\"has-inline-color has-ast-global-color-0-color\"><strong>\u2713<\/strong><\/mark><\/td><\/tr><tr><td>Rech\u00adnungs\u00adda\u00adtum<\/td><td class=\"has-text-align-center\" data-align=\"center\"><mark style=\"background-color:rgba(0, 0, 0, 0)\" class=\"has-inline-color has-ast-global-color-0-color\"><strong>\u2713<\/strong><\/mark><\/td><\/tr><tr><td>Rech\u00adnungsnum\u00admer<\/td><td class=\"has-text-align-center\" data-align=\"center\"><mark style=\"background-color:rgba(0, 0, 0, 0)\" class=\"has-inline-color has-ast-global-color-0-color\"><strong>\u2713<\/strong><\/mark><\/td><\/tr><tr><td>Gesamt\u00adbe\u00adtrag<\/td><td class=\"has-text-align-center\" data-align=\"center\"><mark style=\"background-color:rgba(0, 0, 0, 0)\" class=\"has-inline-color has-ast-global-color-0-color\"><strong>\u2713<\/strong><\/mark><\/td><\/tr><tr><td>Zim\u00admer\u00adnum\u00admer<\/td><td class=\"has-text-align-center\" data-align=\"center\"><mark style=\"background-color:rgba(0, 0, 0, 0)\" class=\"has-inline-color has-ast-global-color-0-color\"><strong>\u2713<\/strong><\/mark><\/td><\/tr><tr><td>Tabelle Posi\u00adtio\u00adnen<\/td><td class=\"has-text-align-center\" data-align=\"center\"><mark style=\"background-color:rgba(0, 0, 0, 0)\" class=\"has-inline-color has-ast-global-color-0-color\"><strong>\u2713<\/strong><\/mark><\/td><\/tr><tr><td>Datum der Posi\u00adtion<\/td><td class=\"has-text-align-center\" data-align=\"center\"><mark style=\"background-color:rgba(0, 0, 0, 0)\" class=\"has-inline-color has-ast-global-color-0-color\"><strong>\u2713<\/strong><\/mark><\/td><\/tr><tr><td>Beschrei\u00adbung der Posi\u00adtion<\/td><td class=\"has-text-align-center\" data-align=\"center\"><mark style=\"background-color:rgba(0, 0, 0, 0)\" class=\"has-inline-color has-ast-global-color-0-color\"><strong>\u2713<\/strong><\/mark><\/td><\/tr><tr><td>Belas\u00adtung Posi\u00adtion<\/td><td class=\"has-text-align-center\" data-align=\"center\"><mark style=\"background-color:rgba(0, 0, 0, 0)\" class=\"has-inline-color has-ast-global-color-0-color\"><strong>\u2713<\/strong><\/mark><\/td><\/tr><\/tbody><\/table><\/figure>\n<\/div>\n\n\n\n<div class=\"wp-block-uagb-container uagb-block-51cd1f66\">\n\n\n\n\n\n<\/div>\n<\/div>\n<\/div>\n","protected":false},"excerpt":{"rendered":"<p class=\"insiders-product-shortdescription-bobbles\"><img loading=\"lazy\" decoding=\"async\" class=\"wp-image-4561\" title=\"ovaition\" src=\"https:\/\/insiders-marketplace.com\/wp-content\/uploads\/2024\/12\/Bubble_pink_Ovation-1.png\" width=\"50\" height=\"50\"> <img loading=\"lazy\" decoding=\"async\" class=\"wp-image-4563\" title=\"aws bedrock\" src=\"https:\/\/insiders-marketplace.com\/wp-content\/uploads\/2024\/08\/Download-e1724186770202.jpg\" width=\"50\" height=\"50\"><\/p>\n<ul class=\"insiders-product-shortdescription\">\n<li>Zeit\u00aderspar\u00adnis und Effizienz: Schnelle Ver\u00adar\u00adbeitung gro\u00dfer Men\u00adgen an Hotel\u00adrech\u00adnun\u00adgen reduziert den Ver\u00adwal\u00adtungsaufwand und beschle\u00adu\u00adnigt die Abrech\u00adnung.<\/li>\n<li>H\u00f6here Genauigkeit: Automa\u00adtisierte Erfas\u00adsung min\u00adimiert manuelle Eingabefehler und verbessert die Daten\u00adqual\u00adit\u00e4t.<\/li>\n<li>Opti\u00admiertes Kosten\u00adman\u00adage\u00adment: Pr\u00e4zise und l\u00fcck\u00aden\u00adlose Doku\u00admen\u00adta\u00adtion der Aus\u00adgaben erle\u00adichtert das Finanz\u00adman\u00adage\u00adment und die Buch\u00adhal\u00adtung.<\/li>\n<\/ul>\n","protected":false},"featured_media":4977,"template":"","meta":{"_acf_changed":false,"pmpro_default_level":"","_uag_custom_page_level_css":"","wp_typography_post_enhancements_disabled":false,"site-sidebar-layout":"default","site-content-layout":"","ast-site-content-layout":"default","site-content-style":"default","site-sidebar-style":"default","ast-global-header-display":"","ast-banner-title-visibility":"","ast-main-header-display":"","ast-hfb-above-header-display":"","ast-hfb-below-header-display":"","ast-hfb-mobile-header-display":"","site-post-title":"","ast-breadcrumbs-content":"","ast-featured-img":"","footer-sml-layout":"","ast-disable-related-posts":"","theme-transparent-header-meta":"","adv-header-id-meta":"","stick-header-meta":"","header-above-stick-meta":"","header-main-stick-meta":"","header-below-stick-meta":"","astra-migrate-meta-layouts":"set","ast-page-background-enabled":"default","ast-page-background-meta":{"desktop":{"background-color":"var(--ast-global-color-4)","background-image":"","background-repeat":"repeat","background-position":"center center","background-size":"auto","background-attachment":"scroll","background-type":"","background-media":"","overlay-type":"","overlay-color":"","overlay-opacity":"","overlay-gradient":""},"tablet":{"background-color":"","background-image":"","background-repeat":"repeat","background-position":"center center","background-size":"auto","background-attachment":"scroll","background-type":"","background-media":"","overlay-type":"","overlay-color":"","overlay-opacity":"","overlay-gradient":""},"mobile":{"background-color":"","background-image":"","background-repeat":"repeat","background-position":"center center","background-size":"auto","background-attachment":"scroll","background-type":"","background-media":"","overlay-type":"","overlay-color":"","overlay-opacity":"","overlay-gradient":""}},"ast-content-background-meta":{"desktop":{"background-color":"var(--ast-global-color-5)","background-image":"","background-repeat":"repeat","background-position":"center center","background-size":"auto","background-attachment":"scroll","background-type":"","background-media":"","overlay-type":"","overlay-color":"","overlay-opacity":"","overlay-gradient":""},"tablet":{"background-color":"var(--ast-global-color-5)","background-image":"","background-repeat":"repeat","background-position":"center center","background-size":"auto","background-attachment":"scroll","background-type":"","background-media":"","overlay-type":"","overlay-color":"","overlay-opacity":"","overlay-gradient":""},"mobile":{"background-color":"var(--ast-global-color-5)","background-image":"","background-repeat":"repeat","background-position":"center center","background-size":"auto","background-attachment":"scroll","background-type":"","background-media":"","overlay-type":"","overlay-color":"","overlay-opacity":"","overlay-gradient":""}}},"product_brand":[],"product_cat":[188,191,186,189,67,187,192],"product_tag":[],"class_list":{"0":"post-4844","1":"product","2":"type-product","3":"status-publish","4":"has-post-thumbnail","6":"product_cat-controlling","7":"product_cat-kundenservice","8":"product_cat-logistik","9":"product_cat-personalwesen","10":"product_cat-rechnung","11":"product_cat-rechnungswesen","12":"product_cat-vertrieb","13":"pmpro-has-access","14":"desktop-align-left","15":"tablet-align-left","16":"mobile-align-left","17":"ast-product-gallery-layout-horizontal-slider","18":"ast-product-gallery-with-no-image","19":"ast-product-tabs-layout-horizontal","21":"first","22":"instock","23":"taxable","24":"shipping-taxable","25":"product-type-simple"},"acf":[],"yoast_head":"<!-- This site is optimized with the Yoast SEO plugin v27.4 - https:\/\/yoast.com\/product\/yoast-seo-wordpress\/ -->\n<title>.HOTELRECHNUNG - Insiders Marketplace<\/title>\n<meta name=\"description\" content=\"Der Extraktionsservice f\u00fcr Hotelrechnungen bietet u. a. eine erhebliche Zeitersparnis und h\u00f6here Genauigkeit bei der Verarbeitung im Vergleich zur manuellen Bearbeitung.\" \/>\n<meta name=\"robots\" content=\"index, follow, max-snippet:-1, max-image-preview:large, max-video-preview:-1\" \/>\n<link rel=\"canonical\" href=\"https:\/\/insiders-marketplace.com\/de\/services\/dokumentart\/rechnung\/hotelrechnung\/\" \/>\n<meta property=\"og:locale\" content=\"de_DE\" \/>\n<meta property=\"og:type\" content=\"article\" \/>\n<meta property=\"og:title\" content=\".HOTELRECHNUNG - Insiders Marketplace\" \/>\n<meta property=\"og:description\" content=\"Der Extraktionsservice f\u00fcr Hotelrechnungen bietet u. a. eine erhebliche Zeitersparnis und h\u00f6here Genauigkeit bei der Verarbeitung im Vergleich zur manuellen Bearbeitung.\" \/>\n<meta property=\"og:url\" content=\"https:\/\/insiders-marketplace.com\/de\/services\/dokumentart\/rechnung\/hotelrechnung\/\" \/>\n<meta property=\"og:site_name\" content=\"Insiders Marketplace\" \/>\n<meta property=\"article:modified_time\" content=\"2025-09-23T11:30:13+00:00\" \/>\n<meta property=\"og:image\" content=\"https:\/\/insiders-marketplace.com\/wp-content\/uploads\/2024\/10\/hotelrechnung.png\" \/>\n\t<meta property=\"og:image:width\" content=\"3521\" \/>\n\t<meta property=\"og:image:height\" content=\"3521\" \/>\n\t<meta property=\"og:image:type\" content=\"image\/png\" \/>\n<meta name=\"twitter:card\" content=\"summary_large_image\" \/>\n<meta name=\"twitter:label1\" content=\"Gesch\u00e4tzte Lesezeit\" \/>\n\t<meta name=\"twitter:data1\" content=\"1\u00a0Minute\" \/>\n<!-- \/ Yoast SEO plugin. -->","yoast_head_json":{"title":".HOTELRECHNUNG - Insiders Marketplace","description":"Der Extraktionsservice f\u00fcr Hotelrechnungen bietet u. a. eine erhebliche Zeitersparnis und h\u00f6here Genauigkeit bei der Verarbeitung im Vergleich zur manuellen Bearbeitung.","robots":{"index":"index","follow":"follow","max-snippet":"max-snippet:-1","max-image-preview":"max-image-preview:large","max-video-preview":"max-video-preview:-1"},"canonical":"https:\/\/insiders-marketplace.com\/de\/services\/dokumentart\/rechnung\/hotelrechnung\/","og_locale":"de_DE","og_type":"article","og_title":".HOTELRECHNUNG - Insiders Marketplace","og_description":"Der Extraktionsservice f\u00fcr Hotelrechnungen bietet u. a. eine erhebliche Zeitersparnis und h\u00f6here Genauigkeit bei der Verarbeitung im Vergleich zur manuellen Bearbeitung.","og_url":"https:\/\/insiders-marketplace.com\/de\/services\/dokumentart\/rechnung\/hotelrechnung\/","og_site_name":"Insiders Marketplace","article_modified_time":"2025-09-23T11:30:13+00:00","og_image":[{"width":3521,"height":3521,"url":"https:\/\/insiders-marketplace.com\/wp-content\/uploads\/2024\/10\/hotelrechnung.png","type":"image\/png"}],"twitter_card":"summary_large_image","twitter_misc":{"Gesch\u00e4tzte Lesezeit":"1\u00a0Minute"},"schema":{"@context":"https:\/\/schema.org","@graph":[{"@type":"WebPage","@id":"https:\/\/insiders-marketplace.com\/de\/services\/dokumentart\/rechnung\/hotelrechnung\/","url":"https:\/\/insiders-marketplace.com\/de\/services\/dokumentart\/rechnung\/hotelrechnung\/","name":".HOTELRECHNUNG - Insiders Marketplace","isPartOf":{"@id":"https:\/\/insiders-marketplace.com\/de\/#website"},"primaryImageOfPage":{"@id":"https:\/\/insiders-marketplace.com\/de\/services\/dokumentart\/rechnung\/hotelrechnung\/#primaryimage"},"image":{"@id":"https:\/\/insiders-marketplace.com\/de\/services\/dokumentart\/rechnung\/hotelrechnung\/#primaryimage"},"thumbnailUrl":"https:\/\/insiders-marketplace.com\/wp-content\/uploads\/2024\/10\/hotelrechnung.png","datePublished":"2024-08-30T08:39:27+00:00","dateModified":"2025-09-23T11:30:13+00:00","description":"Der Extraktionsservice f\u00fcr Hotelrechnungen bietet u. a. eine erhebliche Zeitersparnis und h\u00f6here Genauigkeit bei der Verarbeitung im Vergleich zur manuellen Bearbeitung.","breadcrumb":{"@id":"https:\/\/insiders-marketplace.com\/de\/services\/dokumentart\/rechnung\/hotelrechnung\/#breadcrumb"},"inLanguage":"de","potentialAction":[{"@type":"ReadAction","target":["https:\/\/insiders-marketplace.com\/de\/services\/dokumentart\/rechnung\/hotelrechnung\/"]}]},{"@type":"ImageObject","inLanguage":"de","@id":"https:\/\/insiders-marketplace.com\/de\/services\/dokumentart\/rechnung\/hotelrechnung\/#primaryimage","url":"https:\/\/insiders-marketplace.com\/wp-content\/uploads\/2024\/10\/hotelrechnung.png","contentUrl":"https:\/\/insiders-marketplace.com\/wp-content\/uploads\/2024\/10\/hotelrechnung.png","width":3521,"height":3521,"caption":"hotelrechnung"},{"@type":"BreadcrumbList","@id":"https:\/\/insiders-marketplace.com\/de\/services\/dokumentart\/rechnung\/hotelrechnung\/#breadcrumb","itemListElement":[{"@type":"ListItem","position":1,"name":"Startseite","item":"https:\/\/insiders-marketplace.com\/de\/"},{"@type":"ListItem","position":2,"name":"Services","item":"https:\/\/insiders-marketplace.com\/de\/services\/"},{"@type":"ListItem","position":3,"name":".HOTELRECHNUNG"}]},{"@type":"WebSite","@id":"https:\/\/insiders-marketplace.com\/de\/#website","url":"https:\/\/insiders-marketplace.com\/de\/","name":"Insiders Marketplace","description":"","publisher":{"@id":"https:\/\/insiders-marketplace.com\/de\/#organization"},"potentialAction":[{"@type":"SearchAction","target":{"@type":"EntryPoint","urlTemplate":"https:\/\/insiders-marketplace.com\/de\/?s={search_term_string}"},"query-input":{"@type":"PropertyValueSpecification","valueRequired":true,"valueName":"search_term_string"}}],"inLanguage":"de"},{"@type":"Organization","@id":"https:\/\/insiders-marketplace.com\/de\/#organization","name":"Insiders Marketplace","url":"https:\/\/insiders-marketplace.com\/de\/","logo":{"@type":"ImageObject","inLanguage":"de","@id":"https:\/\/insiders-marketplace.com\/de\/#\/schema\/logo\/image\/","url":"https:\/\/insiders-marketplace.com\/wp-content\/uploads\/2025\/03\/cropped-Marketplace_schwarz.png","contentUrl":"https:\/\/insiders-marketplace.com\/wp-content\/uploads\/2025\/03\/cropped-Marketplace_schwarz.png","width":241,"height":48,"caption":"Insiders Marketplace"},"image":{"@id":"https:\/\/insiders-marketplace.com\/de\/#\/schema\/logo\/image\/"}}]}},"uagb_featured_image_src":{"full":["https:\/\/insiders-marketplace.com\/wp-content\/uploads\/2024\/10\/hotelrechnung.png",3521,3521,false],"thumbnail":["https:\/\/insiders-marketplace.com\/wp-content\/uploads\/2024\/10\/hotelrechnung-150x150.png",150,150,true],"medium":["https:\/\/insiders-marketplace.com\/wp-content\/uploads\/2024\/10\/hotelrechnung-300x300.png",300,300,true],"medium_large":["https:\/\/insiders-marketplace.com\/wp-content\/uploads\/2024\/10\/hotelrechnung-768x768.png",768,768,true],"large":["https:\/\/insiders-marketplace.com\/wp-content\/uploads\/2024\/10\/hotelrechnung-1024x1024.png",1024,1024,true],"1536x1536":["https:\/\/insiders-marketplace.com\/wp-content\/uploads\/2024\/10\/hotelrechnung-1536x1536.png",1536,1536,true],"2048x2048":["https:\/\/insiders-marketplace.com\/wp-content\/uploads\/2024\/10\/hotelrechnung-2048x2048.png",2048,2048,true],"woocommerce_thumbnail":["https:\/\/insiders-marketplace.com\/wp-content\/uploads\/2024\/10\/hotelrechnung-300x300.png",300,300,true],"woocommerce_single":["https:\/\/insiders-marketplace.com\/wp-content\/uploads\/2024\/10\/hotelrechnung-600x600.png",600,600,true],"woocommerce_gallery_thumbnail":["https:\/\/insiders-marketplace.com\/wp-content\/uploads\/2024\/10\/hotelrechnung-100x100.png",100,100,true]},"uagb_author_info":{"display_name":"Sarah Dossinger","author_link":"https:\/\/insiders-marketplace.com\/de\/author\/"},"uagb_comment_info":0,"uagb_excerpt":"Zeitersparnis und Effizienz: Schnelle Verarbeitung gro\u00dfer Mengen an Hotelrechnungen reduziert den Verwaltungsaufwand und beschleunigt die Abrechnung. H\u00f6here Genauigkeit: Automatisierte Erfassung minimiert manuelle Eingabefehler und verbessert die Datenqualit\u00e4t. Optimiertes Kostenmanagement: Pr\u00e4zise und l\u00fcckenlose Dokumentation der Ausgaben erleichtert das Finanzmanagement und die Buchhaltung.","_links":{"self":[{"href":"https:\/\/insiders-marketplace.com\/de\/wp-json\/wp\/v2\/product\/4844","targetHints":{"allow":["GET"]}}],"collection":[{"href":"https:\/\/insiders-marketplace.com\/de\/wp-json\/wp\/v2\/product"}],"about":[{"href":"https:\/\/insiders-marketplace.com\/de\/wp-json\/wp\/v2\/types\/product"}],"wp:featuredmedia":[{"embeddable":true,"href":"https:\/\/insiders-marketplace.com\/de\/wp-json\/wp\/v2\/media\/4977"}],"wp:attachment":[{"href":"https:\/\/insiders-marketplace.com\/de\/wp-json\/wp\/v2\/media?parent=4844"}],"wp:term":[{"taxonomy":"product_brand","embeddable":true,"href":"https:\/\/insiders-marketplace.com\/de\/wp-json\/wp\/v2\/product_brand?post=4844"},{"taxonomy":"product_cat","embeddable":true,"href":"https:\/\/insiders-marketplace.com\/de\/wp-json\/wp\/v2\/product_cat?post=4844"},{"taxonomy":"product_tag","embeddable":true,"href":"https:\/\/insiders-marketplace.com\/de\/wp-json\/wp\/v2\/product_tag?post=4844"}],"curies":[{"name":"wp","href":"https:\/\/api.w.org\/{rel}","templated":true}]}}